{"id":738,"date":"2024-07-26T09:45:34","date_gmt":"2024-07-26T09:45:34","guid":{"rendered":"https:\/\/losvinosdelmundo.com\/blog\/"},"modified":"2024-07-26T09:45:34","modified_gmt":"2024-07-26T09:45:34","slug":"blog","status":"publish","type":"page","link":"https:\/\/losvinosdelmundo.com\/en\/blog\/","title":{"rendered":"Blog"},"content":{"rendered":"\n<style type=\"text\/css\" data-created_by=\"avia_inline_auto\" id=\"style-css-av-z5rol-9551cdb2452c80dd24a4387baedc7466\">\n.avia-section.av-z5rol-9551cdb2452c80dd24a4387baedc7466{\nbackground-color:#851438;\nbackground-image:unset;\n}\n<\/style>\n<div id='av_section_1'  class='avia-section av-z5rol-9551cdb2452c80dd24a4387baedc7466 main_color avia-section-small avia-no-border-styling  avia-builder-el-0  el_before_av_section  avia-builder-el-first  avia-bg-style-scroll container_wrap fullsize'  ><div class='container av-section-cont-open' ><main  role=\"main\" itemprop=\"mainContentOfPage\"  class='template-page content  av-content-full alpha units'><div class='post-entry post-entry-type-page post-entry-738'><div class='entry-content-wrapper clearfix'>\n<div  class='flex_column av-2wmr9-457eca859104affe9af805e1e15c2888 av_one_full  avia-builder-el-1  avia-builder-el-no-sibling  first flex_column_div  '     ><style type=\"text\/css\" data-created_by=\"avia_inline_auto\" id=\"style-css-av-lz2io2qa-f87ae7c6c5b2be1330f1c2234b1dcb29\">\n#top .av_textblock_section.av-lz2io2qa-f87ae7c6c5b2be1330f1c2234b1dcb29 .avia_textblock{\ncolor:#ffffff;\n}\n<\/style>\n<section  class='av_textblock_section av-lz2io2qa-f87ae7c6c5b2be1330f1c2234b1dcb29 '   itemscope=\"itemscope\" itemtype=\"https:\/\/schema.org\/CreativeWork\" ><div class='avia_textblock av_inherit_color'  itemprop=\"text\" ><h1 style=\"text-align: center;\">BLOG<\/h1>\n<\/div><\/section><\/div>\n\n<\/div><\/div><\/main><!-- close content main element --><\/div><\/div><div id='av_section_2'  class='avia-section av-mls2t-c576a814b60b6adecc79b26011f83ebd main_color avia-section-default avia-no-border-styling  avia-builder-el-3  el_after_av_section  avia-builder-el-last  avia-bg-style-scroll container_wrap fullsize'  ><div class='container av-section-cont-open' ><div class='template-page content  av-content-full alpha units'><div class='post-entry post-entry-type-page post-entry-738'><div class='entry-content-wrapper clearfix'>\n<div class='flex_column_table av-fx1et-25dcc820d1cc5d4e8bbd2d0ce121eb88 sc-av_two_fifth av-equal-height-column-flextable'><div  class='flex_column av-fx1et-25dcc820d1cc5d4e8bbd2d0ce121eb88 av_two_fifth  avia-builder-el-4  el_before_av_three_fifth  avia-builder-el-first  first flex_column_table_cell av-equal-height-column av-align-middle  '     ><style type=\"text\/css\" data-created_by=\"avia_inline_auto\" id=\"style-css-av-lz2im350-5815cb4f3902868ad13e4993ad069386\">\n.avia-image-container.av-lz2im350-5815cb4f3902868ad13e4993ad069386 img.avia_image{\nbox-shadow:none;\n}\n.avia-image-container.av-lz2im350-5815cb4f3902868ad13e4993ad069386 .av-image-caption-overlay-center{\ncolor:#ffffff;\n}\n<\/style>\n<div  class='avia-image-container av-lz2im350-5815cb4f3902868ad13e4993ad069386 av-styling- avia-align-center  avia-builder-el-5  avia-builder-el-no-sibling '   itemprop=\"image\" itemscope=\"itemscope\" itemtype=\"https:\/\/schema.org\/ImageObject\" ><div class=\"avia-image-container-inner\"><div class=\"avia-image-overlay-wrap\"><img decoding=\"async\" fetchpriority=\"high\" class='wp-image- avia-img-lazy-loading-not- avia_image ' src=\"https:\/\/losvinosdelmundo.com\/wp-content\/uploads\/2024\/07\/Diseno-sin-titulo-2.jpg\" alt='' title=''   itemprop=\"thumbnailUrl\"  \/><\/div><\/div><\/div><\/div><div class='av-flex-placeholder'><\/div><div  class='flex_column av-9s7kd-0f61cb8e7c97b536f38c822cfd8e2385 av_three_fifth  avia-builder-el-6  el_after_av_two_fifth  avia-builder-el-last  flex_column_table_cell av-equal-height-column av-align-middle  '     ><style type=\"text\/css\" data-created_by=\"avia_inline_auto\" id=\"style-css-av-lz2j4ybn-7d074115ea8f4d966cf5838875e7af03\">\n#top .av_textblock_section.av-lz2j4ybn-7d074115ea8f4d966cf5838875e7af03 .avia_textblock{\nfont-size:14px;\n}\n<\/style>\n<section  class='av_textblock_section av-lz2j4ybn-7d074115ea8f4d966cf5838875e7af03 '   itemscope=\"itemscope\" itemtype=\"https:\/\/schema.org\/CreativeWork\" ><div class='avia_textblock'  itemprop=\"text\" ><p><strong>GatoNegro en el Top 10 de las marcas de vino m\u00e1s poderosas del mundo\u00a0<\/strong><\/p>\n<p><span style=\"font-weight: 400;\">GatoNegro, una de las marcas m\u00e1s importantes del portafolio de VSPT Wine Group, ha sido destacada por la prestigiosa consultora inglesa Wine Intelligence, como la sexta marca de vino m\u00e1s poderosa del mundo y la segunda a nivel latinoamericano.<\/span><\/p>\n<p><span style=\"font-weight: 400;\">El estudio de Wine Intelligence representa la percepci\u00f3n de m\u00e1s de 378 mil consumidores de vino en m\u00e1s de 18 pa\u00edses a trav\u00e9s de la encuesta Vinitrac\u00ae, que monitorea y rastrea las actitudes y comportamientos de los consumidores de vino en todo el mundo, analizando datos clave como el conocimiento de marca, la compra, la conversi\u00f3n y la recomendaci\u00f3n.<\/span><\/p>\n<p><span style=\"font-weight: 400;\">No es la primera vez que GatoNegro obtiene este galard\u00f3n. Gracias a su esp\u00edritu innovador, esta marca ha encandilado a los consumidores de todo el mundo, siendo \u00e9ste el sexto a\u00f1o consecutivo en ser nombrada la 6\u00aa marca de vino m\u00e1s poderosa del mundo.\u00a0<\/span><\/p>\n<p><span style=\"font-weight: 400;\">GatoNegro vende millones de botellas en m\u00e1s de 80 pa\u00edses, con posiciones de liderazgo en diversos mercados.<\/span><\/p>\n<\/div><\/section><\/div><\/div><!--close column table wrapper. Autoclose: 1 -->\n","protected":false},"excerpt":{"rendered":"","protected":false},"author":2,"featured_media":0,"parent":0,"menu_order":0,"comment_status":"closed","ping_status":"closed","template":"","meta":{"footnotes":""},"class_list":["post-738","page","type-page","status-publish","hentry"],"yoast_head":"<!-- This site is optimized with the Yoast SEO plugin v27.4 - https:\/\/yoast.com\/product\/yoast-seo-wordpress\/ -->\n<title>Blog - Vinos del mundo<\/title>\n<meta name=\"robots\" content=\"index, follow, max-snippet:-1, max-image-preview:large, max-video-preview:-1\" \/>\n<link rel=\"canonical\" href=\"https:\/\/losvinosdelmundo.com\/en\/blog\/\" \/>\n<meta property=\"og:locale\" content=\"en_US\" \/>\n<meta property=\"og:type\" content=\"article\" \/>\n<meta property=\"og:title\" content=\"Blog - Vinos del mundo\" \/>\n<meta property=\"og:url\" content=\"https:\/\/losvinosdelmundo.com\/en\/blog\/\" \/>\n<meta property=\"og:site_name\" content=\"Vinos del mundo\" \/>\n<meta name=\"twitter:card\" content=\"summary_large_image\" \/>\n<meta name=\"twitter:label1\" content=\"Est. reading time\" \/>\n\t<meta name=\"twitter:data1\" content=\"13 minutes\" \/>\n<script type=\"application\/ld+json\" class=\"yoast-schema-graph\">{\"@context\":\"https:\\\/\\\/schema.org\",\"@graph\":[{\"@type\":\"WebPage\",\"@id\":\"https:\\\/\\\/losvinosdelmundo.com\\\/en\\\/blog\\\/\",\"url\":\"https:\\\/\\\/losvinosdelmundo.com\\\/en\\\/blog\\\/\",\"name\":\"Blog - Vinos del mundo\",\"isPartOf\":{\"@id\":\"https:\\\/\\\/losvinosdelmundo.com\\\/en\\\/#website\"},\"datePublished\":\"2024-07-26T09:45:34+00:00\",\"breadcrumb\":{\"@id\":\"https:\\\/\\\/losvinosdelmundo.com\\\/en\\\/blog\\\/#breadcrumb\"},\"inLanguage\":\"en-US\",\"potentialAction\":[{\"@type\":\"ReadAction\",\"target\":[\"https:\\\/\\\/losvinosdelmundo.com\\\/en\\\/blog\\\/\"]}]},{\"@type\":\"BreadcrumbList\",\"@id\":\"https:\\\/\\\/losvinosdelmundo.com\\\/en\\\/blog\\\/#breadcrumb\",\"itemListElement\":[{\"@type\":\"ListItem\",\"position\":1,\"name\":\"Portada\",\"item\":\"https:\\\/\\\/losvinosdelmundo.com\\\/en\\\/home\\\/\"},{\"@type\":\"ListItem\",\"position\":2,\"name\":\"Blog\"}]},{\"@type\":\"WebSite\",\"@id\":\"https:\\\/\\\/losvinosdelmundo.com\\\/en\\\/#website\",\"url\":\"https:\\\/\\\/losvinosdelmundo.com\\\/en\\\/\",\"name\":\"Vinos del mundo\",\"description\":\"\",\"potentialAction\":[{\"@type\":\"SearchAction\",\"target\":{\"@type\":\"EntryPoint\",\"urlTemplate\":\"https:\\\/\\\/losvinosdelmundo.com\\\/en\\\/?s={search_term_string}\"},\"query-input\":{\"@type\":\"PropertyValueSpecification\",\"valueRequired\":true,\"valueName\":\"search_term_string\"}}],\"inLanguage\":\"en-US\"}]}<\/script>\n<!-- \/ Yoast SEO plugin. -->","yoast_head_json":{"title":"Blog - Vinos del mundo","robots":{"index":"index","follow":"follow","max-snippet":"max-snippet:-1","max-image-preview":"max-image-preview:large","max-video-preview":"max-video-preview:-1"},"canonical":"https:\/\/losvinosdelmundo.com\/en\/blog\/","og_locale":"en_US","og_type":"article","og_title":"Blog - Vinos del mundo","og_url":"https:\/\/losvinosdelmundo.com\/en\/blog\/","og_site_name":"Vinos del mundo","twitter_card":"summary_large_image","twitter_misc":{"Est. reading time":"13 minutes"},"schema":{"@context":"https:\/\/schema.org","@graph":[{"@type":"WebPage","@id":"https:\/\/losvinosdelmundo.com\/en\/blog\/","url":"https:\/\/losvinosdelmundo.com\/en\/blog\/","name":"Blog - Vinos del mundo","isPartOf":{"@id":"https:\/\/losvinosdelmundo.com\/en\/#website"},"datePublished":"2024-07-26T09:45:34+00:00","breadcrumb":{"@id":"https:\/\/losvinosdelmundo.com\/en\/blog\/#breadcrumb"},"inLanguage":"en-US","potentialAction":[{"@type":"ReadAction","target":["https:\/\/losvinosdelmundo.com\/en\/blog\/"]}]},{"@type":"BreadcrumbList","@id":"https:\/\/losvinosdelmundo.com\/en\/blog\/#breadcrumb","itemListElement":[{"@type":"ListItem","position":1,"name":"Portada","item":"https:\/\/losvinosdelmundo.com\/en\/home\/"},{"@type":"ListItem","position":2,"name":"Blog"}]},{"@type":"WebSite","@id":"https:\/\/losvinosdelmundo.com\/en\/#website","url":"https:\/\/losvinosdelmundo.com\/en\/","name":"Vinos del mundo","description":"","potentialAction":[{"@type":"SearchAction","target":{"@type":"EntryPoint","urlTemplate":"https:\/\/losvinosdelmundo.com\/en\/?s={search_term_string}"},"query-input":{"@type":"PropertyValueSpecification","valueRequired":true,"valueName":"search_term_string"}}],"inLanguage":"en-US"}]}},"_links":{"self":[{"href":"https:\/\/losvinosdelmundo.com\/en\/wp-json\/wp\/v2\/pages\/738","targetHints":{"allow":["GET"]}}],"collection":[{"href":"https:\/\/losvinosdelmundo.com\/en\/wp-json\/wp\/v2\/pages"}],"about":[{"href":"https:\/\/losvinosdelmundo.com\/en\/wp-json\/wp\/v2\/types\/page"}],"author":[{"embeddable":true,"href":"https:\/\/losvinosdelmundo.com\/en\/wp-json\/wp\/v2\/users\/2"}],"replies":[{"embeddable":true,"href":"https:\/\/losvinosdelmundo.com\/en\/wp-json\/wp\/v2\/comments?post=738"}],"version-history":[{"count":0,"href":"https:\/\/losvinosdelmundo.com\/en\/wp-json\/wp\/v2\/pages\/738\/revisions"}],"wp:attachment":[{"href":"https:\/\/losvinosdelmundo.com\/en\/wp-json\/wp\/v2\/media?parent=738"}],"curies":[{"name":"wp","href":"https:\/\/api.w.org\/{rel}","templated":true}]}}