{"id":764,"date":"2023-08-03T09:18:44","date_gmt":"2023-08-03T09:18:44","guid":{"rendered":"https:\/\/losvinosdelmundo.com\/gato-negro\/"},"modified":"2023-08-03T09:18:44","modified_gmt":"2023-08-03T09:18:44","slug":"gato-negro","status":"publish","type":"page","link":"https:\/\/losvinosdelmundo.com\/en\/marcas\/gato-negro\/","title":{"rendered":"Gato Negro"},"content":{"rendered":"\n<style type=\"text\/css\" data-created_by=\"avia_inline_auto\" id=\"style-css-av-3z8be-e7c1d232e18671e978567c31593401d4\">\n.avia-section.av-3z8be-e7c1d232e18671e978567c31593401d4{\nbackground-color:#851438;\nbackground-image:unset;\n}\n<\/style>\n<div id='av_section_1'  class='avia-section av-3z8be-e7c1d232e18671e978567c31593401d4 main_color avia-section-small avia-no-border-styling  avia-builder-el-0  el_before_av_section  avia-builder-el-first  avia-bg-style-scroll container_wrap fullsize'  ><div class='container av-section-cont-open' ><main  role=\"main\" itemprop=\"mainContentOfPage\"  class='template-page content  av-content-full alpha units'><div class='post-entry post-entry-type-page post-entry-764'><div class='entry-content-wrapper clearfix'>\n<div  class='flex_column av-byme-fd67baffa1f8f5ec1f4325368ba17784 av_one_full  avia-builder-el-1  avia-builder-el-no-sibling  first flex_column_div  '     ><style type=\"text\/css\" data-created_by=\"avia_inline_auto\" id=\"style-css-av-lkuy1x56-b1f0d7df86c95182e70668a0ba4fd968\">\n#top .av_textblock_section.av-lkuy1x56-b1f0d7df86c95182e70668a0ba4fd968 .avia_textblock{\ncolor:#ffffff;\n}\n<\/style>\n<section  class='av_textblock_section av-lkuy1x56-b1f0d7df86c95182e70668a0ba4fd968 '   itemscope=\"itemscope\" itemtype=\"https:\/\/schema.org\/CreativeWork\" ><div class='avia_textblock av_inherit_color'  itemprop=\"text\" ><h1 style=\"text-align: center;\">MARCAS<\/h1>\n<\/div><\/section><\/div>\n\n<\/div><\/div><\/main><!-- close content main element --><\/div><\/div><div id='av_section_2'  class='avia-section av-1k3z2-308233fa3861181d2109926de7afea1f main_color avia-section-default avia-no-border-styling  avia-builder-el-3  el_after_av_section  el_before_av_section  avia-bg-style-scroll container_wrap fullsize'  ><div class='container av-section-cont-open' ><div class='template-page content  av-content-full alpha units'><div class='post-entry post-entry-type-page post-entry-764'><div class='entry-content-wrapper clearfix'>\n<div class='flex_column_table av-zov6-f8f5a92efcb6f1940799830d8af6e9ba sc-av_one_half av-equal-height-column-flextable'><div  class='flex_column av-zov6-f8f5a92efcb6f1940799830d8af6e9ba av_one_half  avia-builder-el-4  el_before_av_one_half  avia-builder-el-first  first flex_column_table_cell av-equal-height-column av-align-middle  '     ><style type=\"text\/css\" data-created_by=\"avia_inline_auto\" id=\"style-css-av-lkuxy6bd-ccbedd3f06ddb9f85124b296ece9e578\">\n.avia-image-container.av-lkuxy6bd-ccbedd3f06ddb9f85124b296ece9e578 img.avia_image{\nbox-shadow:none;\n}\n.avia-image-container.av-lkuxy6bd-ccbedd3f06ddb9f85124b296ece9e578 .av-image-caption-overlay-center{\ncolor:#ffffff;\n}\n<\/style>\n<div  class='avia-image-container av-lkuxy6bd-ccbedd3f06ddb9f85124b296ece9e578 av-styling- avia-align-center  avia-builder-el-5  avia-builder-el-no-sibling '   itemprop=\"image\" itemscope=\"itemscope\" itemtype=\"https:\/\/schema.org\/ImageObject\" ><div class=\"avia-image-container-inner\"><div class=\"avia-image-overlay-wrap\"><img decoding=\"async\" fetchpriority=\"high\" class='wp-image-129 avia-img-lazy-loading-not-129 avia_image ' src=\"https:\/\/losvinosdelmundo.com\/wp-content\/uploads\/2023\/08\/Marca-GatoNegro-VinosDelMundo-300x300.png\" alt='' title='Marca-GatoNegro-VinosDelMundo'  height=\"300\" width=\"300\"  itemprop=\"thumbnailUrl\" srcset=\"https:\/\/losvinosdelmundo.com\/wp-content\/uploads\/2023\/08\/Marca-GatoNegro-VinosDelMundo-300x300.png 300w, https:\/\/losvinosdelmundo.com\/wp-content\/uploads\/2023\/08\/Marca-GatoNegro-VinosDelMundo-80x80.png 80w, https:\/\/losvinosdelmundo.com\/wp-content\/uploads\/2023\/08\/Marca-GatoNegro-VinosDelMundo-36x36.png 36w, https:\/\/losvinosdelmundo.com\/wp-content\/uploads\/2023\/08\/Marca-GatoNegro-VinosDelMundo-180x180.png 180w, https:\/\/losvinosdelmundo.com\/wp-content\/uploads\/2023\/08\/Marca-GatoNegro-VinosDelMundo.png 600w\" sizes=\"(max-width: 300px) 100vw, 300px\" \/><\/div><\/div><\/div><\/div><div class='av-flex-placeholder'><\/div><div  class='flex_column av-1m2vu-25cde9390331f7434635e8e406cde28b av_one_half  avia-builder-el-6  el_after_av_one_half  avia-builder-el-last  flex_column_table_cell av-equal-height-column av-align-middle  '     ><section  class='av_textblock_section av-lkuxzpfl-0897ab4b47bed63cc1e923856723f129 '   itemscope=\"itemscope\" itemtype=\"https:\/\/schema.org\/CreativeWork\" ><div class='avia_textblock'  itemprop=\"text\" ><blockquote>\n<h3>GATO NEGRO<\/h3>\n<\/blockquote>\n<\/div><\/section><br \/>\n<section  class='av_textblock_section av-xaty-5f6671c6987933173a4bd2fa95986a15 '   itemscope=\"itemscope\" itemtype=\"https:\/\/schema.org\/CreativeWork\" ><div class='avia_textblock'  itemprop=\"text\" ><h5>La marca de vino chilenos con mayor presencia en el mercado internacional. Gato Negro Cabernet Sauvignon es el Cabernet Sauvignon chileno m\u00e1s vendido en todo el mundo. La gama Gato Negro es elaborada por Vi\u00f1a San Pedro, una de las vi\u00f1as m\u00e1s importantes de Chile y una de las exportadoras m\u00e1s renombradas, con presencia en m\u00e1s de 80 pa\u00edses de todo el mundo.<\/h5>\n<\/div><\/section><\/p><\/div><\/div><!--close column table wrapper. Autoclose: 1 --><\/div><\/div><\/div><!-- close content main div --><\/div><\/div><div id='av_section_3'  class='avia-section av-ycka-40fda58f242472dcd7684d82d91282fe main_color avia-section-default avia-no-border-styling  avia-builder-el-9  el_after_av_section  avia-builder-el-last  avia-bg-style-scroll container_wrap fullsize'  ><div class='container av-section-cont-open' ><div class='template-page content  av-content-full alpha units'><div class='post-entry post-entry-type-page post-entry-764'><div class='entry-content-wrapper clearfix'>\n\n<style type=\"text\/css\" data-created_by=\"avia_inline_auto\" id=\"style-css-av-ly47k432-44e04a20c4ae8753a68836a07a6e59d4\">\n.av-horizontal-gallery.av-ly47k432-44e04a20c4ae8753a68836a07a6e59d4{\npadding:3.75% 0px;;\n}\n.av-horizontal-gallery.av-ly47k432-44e04a20c4ae8753a68836a07a6e59d4 .av-horizontal-gallery-inner{\npadding-bottom:25%;\n}\n<\/style>\n<div  class='av-horizontal-gallery av-ly47k432-44e04a20c4ae8753a68836a07a6e59d4 av-horizontal-gallery-large-gap av-horizontal-gallery-enlarge-effect  avia-builder-el-10  avia-builder-el-no-sibling  av-slideshow-ui av-control-default av-slideshow-manual av-loop-once av-loop-manual-once av-horizontal-gallery-1' data-slideshow-data=\"{&quot;enlarge&quot;:1.3,&quot;animation&quot;:&quot;slide&quot;,&quot;autoplay&quot;:false,&quot;loop_autoplay&quot;:&quot;once&quot;,&quot;interval&quot;:5,&quot;loop_manual&quot;:&quot;manual-once&quot;,&quot;autoplay_stopper&quot;:false,&quot;noNavigation&quot;:false,&quot;bg_slider&quot;:false,&quot;keep_padding&quot;:&quot;&quot;,&quot;hoverpause&quot;:false,&quot;show_slide_delay&quot;:0,&quot;initial&quot;:1}\"  itemprop=\"image\" itemscope=\"itemscope\" itemtype=\"https:\/\/schema.org\/ImageObject\" ><div class='av-horizontal-gallery-inner' data-av-height='25'><div class=\"av-horizontal-gallery-slider\"><div class=\"av-horizontal-gallery-wrap noHover\"><img decoding=\"async\" fetchpriority=\"high\" class='wp-image-765 avia-img-lazy-loading-not-765 av-horizontal-gallery-img' width=\"1030\" height=\"687\" src=\"https:\/\/losvinosdelmundo.com\/wp-content\/uploads\/2024\/07\/IMG_0445-1030x687.jpg\" title='IMG_0445' alt='' srcset=\"https:\/\/losvinosdelmundo.com\/wp-content\/uploads\/2024\/07\/IMG_0445-1030x687.jpg 1030w, https:\/\/losvinosdelmundo.com\/wp-content\/uploads\/2024\/07\/IMG_0445-300x200.jpg 300w, https:\/\/losvinosdelmundo.com\/wp-content\/uploads\/2024\/07\/IMG_0445-768x512.jpg 768w, https:\/\/losvinosdelmundo.com\/wp-content\/uploads\/2024\/07\/IMG_0445-1536x1024.jpg 1536w, https:\/\/losvinosdelmundo.com\/wp-content\/uploads\/2024\/07\/IMG_0445-2048x1365.jpg 2048w, https:\/\/losvinosdelmundo.com\/wp-content\/uploads\/2024\/07\/IMG_0445-1500x1000.jpg 1500w, https:\/\/losvinosdelmundo.com\/wp-content\/uploads\/2024\/07\/IMG_0445-705x470.jpg 705w\" sizes=\"(max-width: 1030px) 100vw, 1030px\" \/><a href=\"https:\/\/losvinosdelmundo.com\/wp-content\/uploads\/2024\/07\/IMG_0445-1030x687.jpg\" data-srcset=\"https:\/\/losvinosdelmundo.com\/wp-content\/uploads\/2024\/07\/IMG_0445-1030x687.jpg 1030w, https:\/\/losvinosdelmundo.com\/wp-content\/uploads\/2024\/07\/IMG_0445-300x200.jpg 300w, https:\/\/losvinosdelmundo.com\/wp-content\/uploads\/2024\/07\/IMG_0445-768x512.jpg 768w, https:\/\/losvinosdelmundo.com\/wp-content\/uploads\/2024\/07\/IMG_0445-1536x1024.jpg 1536w, https:\/\/losvinosdelmundo.com\/wp-content\/uploads\/2024\/07\/IMG_0445-2048x1365.jpg 2048w, https:\/\/losvinosdelmundo.com\/wp-content\/uploads\/2024\/07\/IMG_0445-1500x1000.jpg 1500w, https:\/\/losvinosdelmundo.com\/wp-content\/uploads\/2024\/07\/IMG_0445-705x470.jpg 705w\" data-sizes=\"(max-width: 1030px) 100vw, 1030px\" class='av-horizontal-gallery-link' aria-hidden='true' data-av_icon='\ue869' data-av_iconfont='entypo-fontello' title='IMG_0445' alt=''><\/a><\/div><\/div><\/div><\/div>\n<\/p>\n","protected":false},"excerpt":{"rendered":"","protected":false},"author":2,"featured_media":0,"parent":768,"menu_order":0,"comment_status":"closed","ping_status":"closed","template":"","meta":{"footnotes":""},"class_list":["post-764","page","type-page","status-publish","hentry"],"yoast_head":"<!-- This site is optimized with the Yoast SEO plugin v27.4 - https:\/\/yoast.com\/product\/yoast-seo-wordpress\/ -->\n<title>Gato Negro - Vinos del mundo<\/title>\n<meta name=\"robots\" content=\"index, follow, max-snippet:-1, max-image-preview:large, max-video-preview:-1\" \/>\n<link rel=\"canonical\" href=\"https:\/\/losvinosdelmundo.com\/en\/marcas\/gato-negro\/\" \/>\n<meta property=\"og:locale\" content=\"en_US\" \/>\n<meta property=\"og:type\" content=\"article\" \/>\n<meta property=\"og:title\" content=\"Gato Negro - Vinos del mundo\" \/>\n<meta property=\"og:url\" content=\"https:\/\/losvinosdelmundo.com\/en\/marcas\/gato-negro\/\" \/>\n<meta property=\"og:site_name\" content=\"Vinos del mundo\" \/>\n<meta name=\"twitter:card\" content=\"summary_large_image\" \/>\n<meta name=\"twitter:label1\" content=\"Est. reading time\" \/>\n\t<meta name=\"twitter:data1\" content=\"15 minutes\" \/>\n<script type=\"application\/ld+json\" class=\"yoast-schema-graph\">{\"@context\":\"https:\\\/\\\/schema.org\",\"@graph\":[{\"@type\":\"WebPage\",\"@id\":\"https:\\\/\\\/losvinosdelmundo.com\\\/en\\\/marcas\\\/gato-negro\\\/\",\"url\":\"https:\\\/\\\/losvinosdelmundo.com\\\/en\\\/marcas\\\/gato-negro\\\/\",\"name\":\"Gato Negro - Vinos del mundo\",\"isPartOf\":{\"@id\":\"https:\\\/\\\/losvinosdelmundo.com\\\/en\\\/#website\"},\"datePublished\":\"2023-08-03T09:18:44+00:00\",\"breadcrumb\":{\"@id\":\"https:\\\/\\\/losvinosdelmundo.com\\\/en\\\/marcas\\\/gato-negro\\\/#breadcrumb\"},\"inLanguage\":\"en-US\",\"potentialAction\":[{\"@type\":\"ReadAction\",\"target\":[\"https:\\\/\\\/losvinosdelmundo.com\\\/en\\\/marcas\\\/gato-negro\\\/\"]}]},{\"@type\":\"BreadcrumbList\",\"@id\":\"https:\\\/\\\/losvinosdelmundo.com\\\/en\\\/marcas\\\/gato-negro\\\/#breadcrumb\",\"itemListElement\":[{\"@type\":\"ListItem\",\"position\":1,\"name\":\"Portada\",\"item\":\"https:\\\/\\\/losvinosdelmundo.com\\\/en\\\/home\\\/\"},{\"@type\":\"ListItem\",\"position\":2,\"name\":\"Gato Negro\"}]},{\"@type\":\"WebSite\",\"@id\":\"https:\\\/\\\/losvinosdelmundo.com\\\/en\\\/#website\",\"url\":\"https:\\\/\\\/losvinosdelmundo.com\\\/en\\\/\",\"name\":\"Vinos del mundo\",\"description\":\"\",\"potentialAction\":[{\"@type\":\"SearchAction\",\"target\":{\"@type\":\"EntryPoint\",\"urlTemplate\":\"https:\\\/\\\/losvinosdelmundo.com\\\/en\\\/?s={search_term_string}\"},\"query-input\":{\"@type\":\"PropertyValueSpecification\",\"valueRequired\":true,\"valueName\":\"search_term_string\"}}],\"inLanguage\":\"en-US\"}]}<\/script>\n<!-- \/ Yoast SEO plugin. -->","yoast_head_json":{"title":"Gato Negro - Vinos del mundo","robots":{"index":"index","follow":"follow","max-snippet":"max-snippet:-1","max-image-preview":"max-image-preview:large","max-video-preview":"max-video-preview:-1"},"canonical":"https:\/\/losvinosdelmundo.com\/en\/marcas\/gato-negro\/","og_locale":"en_US","og_type":"article","og_title":"Gato Negro - Vinos del mundo","og_url":"https:\/\/losvinosdelmundo.com\/en\/marcas\/gato-negro\/","og_site_name":"Vinos del mundo","twitter_card":"summary_large_image","twitter_misc":{"Est. reading time":"15 minutes"},"schema":{"@context":"https:\/\/schema.org","@graph":[{"@type":"WebPage","@id":"https:\/\/losvinosdelmundo.com\/en\/marcas\/gato-negro\/","url":"https:\/\/losvinosdelmundo.com\/en\/marcas\/gato-negro\/","name":"Gato Negro - Vinos del mundo","isPartOf":{"@id":"https:\/\/losvinosdelmundo.com\/en\/#website"},"datePublished":"2023-08-03T09:18:44+00:00","breadcrumb":{"@id":"https:\/\/losvinosdelmundo.com\/en\/marcas\/gato-negro\/#breadcrumb"},"inLanguage":"en-US","potentialAction":[{"@type":"ReadAction","target":["https:\/\/losvinosdelmundo.com\/en\/marcas\/gato-negro\/"]}]},{"@type":"BreadcrumbList","@id":"https:\/\/losvinosdelmundo.com\/en\/marcas\/gato-negro\/#breadcrumb","itemListElement":[{"@type":"ListItem","position":1,"name":"Portada","item":"https:\/\/losvinosdelmundo.com\/en\/home\/"},{"@type":"ListItem","position":2,"name":"Gato Negro"}]},{"@type":"WebSite","@id":"https:\/\/losvinosdelmundo.com\/en\/#website","url":"https:\/\/losvinosdelmundo.com\/en\/","name":"Vinos del mundo","description":"","potentialAction":[{"@type":"SearchAction","target":{"@type":"EntryPoint","urlTemplate":"https:\/\/losvinosdelmundo.com\/en\/?s={search_term_string}"},"query-input":{"@type":"PropertyValueSpecification","valueRequired":true,"valueName":"search_term_string"}}],"inLanguage":"en-US"}]}},"_links":{"self":[{"href":"https:\/\/losvinosdelmundo.com\/en\/wp-json\/wp\/v2\/pages\/764","targetHints":{"allow":["GET"]}}],"collection":[{"href":"https:\/\/losvinosdelmundo.com\/en\/wp-json\/wp\/v2\/pages"}],"about":[{"href":"https:\/\/losvinosdelmundo.com\/en\/wp-json\/wp\/v2\/types\/page"}],"author":[{"embeddable":true,"href":"https:\/\/losvinosdelmundo.com\/en\/wp-json\/wp\/v2\/users\/2"}],"replies":[{"embeddable":true,"href":"https:\/\/losvinosdelmundo.com\/en\/wp-json\/wp\/v2\/comments?post=764"}],"version-history":[{"count":0,"href":"https:\/\/losvinosdelmundo.com\/en\/wp-json\/wp\/v2\/pages\/764\/revisions"}],"up":[{"embeddable":true,"href":"https:\/\/losvinosdelmundo.com\/en\/wp-json\/wp\/v2\/pages\/768"}],"wp:attachment":[{"href":"https:\/\/losvinosdelmundo.com\/en\/wp-json\/wp\/v2\/media?parent=764"}],"curies":[{"name":"wp","href":"https:\/\/api.w.org\/{rel}","templated":true}]}}